{"id":7522,"date":"2019-04-10T14:00:49","date_gmt":"2019-04-10T11:00:49","guid":{"rendered":"http:\/\/lithuania.afssite.afs.org\/?page_id=7522"},"modified":"2020-11-02T14:23:32","modified_gmt":"2020-11-02T12:23:32","slug":"index","status":"publish","type":"page","link":"https:\/\/www.afslietuva.org\/lv\/index\/","title":{"rendered":"AFS glob\u0101l\u0101s izgl\u012bt\u012bbas gatav\u012bbas indekss skol\u0101m"},"content":{"rendered":"<p>https:\/\/vimeo.com\/269690138\/d5e87790f1<\/p>\n<h2>Pievienojies un padari savu skolu glob\u0101li kompetentu!<\/h2>\n<p>Glob\u0101l\u0101s kompetences att\u012bst\u012b\u0161ana skol\u0113niem pal\u012bdz spert pirmos so\u013cus, lai k\u013c\u016btu par pasaules pilso\u0146iem. Jaunie\u0161iem ir vajadz\u012bgas glob\u0101las prasmes, zin\u0101\u0161anas un izpratne, lai veicin\u0101tu un att\u012bst\u012btu j\u0113gpilnus sakarus ar citiem neatkar\u012bgi no t\u0101, kur vi\u0146i dz\u012bvo, m\u0101c\u0101s, ir br\u012bvpr\u0101t\u012bgie un str\u0101d\u0101 \u2014 tagad un n\u0101kotn\u0113. <strong>AFS glob\u0101lo kompeten\u010du gatav\u012bbas indekss skol\u0101m<\/strong> ir viegli lietojams veids, k\u0101 nov\u0113rt\u0113t, kur j\u016bsu skola var pal\u012bdz\u0113t skol\u0113niem att\u012bst\u012bt b\u016btiskas 21. gadsimta prasmes.<\/p>\n<p>&nbsp;<\/p>\n","protected":false},"excerpt":{"rendered":"<p>https:\/\/vimeo.com\/269690138\/d5e87790f1 Pievienojies un padari savu skolu glob\u0101li kompetentu! Glob\u0101l\u0101s kompetences att\u012bst\u012b\u0161ana skol\u0113niem pal\u012bdz spert pirmos so\u013cus, lai k\u013c\u016btu par pasaules&hellip;<\/p>\n","protected":false},"author":83,"featured_media":7524,"parent":0,"menu_order":1,"comment_status":"closed","ping_status":"closed","template":"","meta":{"footnotes":""},"class_list":["post-7522","page","type-page","status-publish","has-post-thumbnail","hentry"],"yoast_head":"<!-- This site is optimized with the Yoast SEO plugin v26.6 - https:\/\/yoast.com\/wordpress\/plugins\/seo\/ -->\n<title>AFS glob\u0101l\u0101s izgl\u012bt\u012bbas gatav\u012bbas indekss skol\u0101m - lithuania<\/title>\n<meta name=\"robots\" content=\"index, follow, max-snippet:-1, max-image-preview:large, max-video-preview:-1\" \/>\n<link rel=\"canonical\" href=\"https:\/\/www.afslietuva.org\/lv\/index\/\" \/>\n<meta property=\"og:locale\" content=\"lv_LV\" \/>\n<meta property=\"og:type\" content=\"article\" \/>\n<meta property=\"og:title\" content=\"AFS glob\u0101l\u0101s izgl\u012bt\u012bbas gatav\u012bbas indekss skol\u0101m - lithuania\" \/>\n<meta property=\"og:description\" content=\"https:\/\/vimeo.com\/269690138\/d5e87790f1 Pievienojies un padari savu skolu glob\u0101li kompetentu! Glob\u0101l\u0101s kompetences att\u012bst\u012b\u0161ana skol\u0113niem pal\u012bdz spert pirmos so\u013cus, lai k\u013c\u016btu par pasaules&hellip;\" \/>\n<meta property=\"og:url\" content=\"https:\/\/www.afslietuva.org\/lv\/index\/\" \/>\n<meta property=\"og:site_name\" content=\"lithuania\" \/>\n<meta property=\"article:modified_time\" content=\"2020-11-02T12:23:32+00:00\" \/>\n<meta property=\"og:image\" content=\"https:\/\/d22dvihj4pfop3.cloudfront.net\/wp-content\/uploads\/sites\/72\/2019\/04\/10135636\/Screen-Shot-2018-05-31-at-17.02.51--1200x630.png\" \/>\n\t<meta property=\"og:image:width\" content=\"1200\" \/>\n\t<meta property=\"og:image:height\" content=\"630\" \/>\n\t<meta property=\"og:image:type\" content=\"image\/png\" \/>\n<meta name=\"twitter:card\" content=\"summary_large_image\" \/>\n<meta name=\"twitter:label1\" content=\"Est. reading time\" \/>\n\t<meta name=\"twitter:data1\" content=\"1 minute\" \/>\n<script type=\"application\/ld+json\" class=\"yoast-schema-graph\">{\"@context\":\"https:\/\/schema.org\",\"@graph\":[{\"@type\":\"WebPage\",\"@id\":\"https:\/\/www.afslietuva.org\/lv\/index\/\",\"url\":\"https:\/\/www.afslietuva.org\/lv\/index\/\",\"name\":\"AFS glob\u0101l\u0101s izgl\u012bt\u012bbas gatav\u012bbas indekss skol\u0101m - lithuania\",\"isPartOf\":{\"@id\":\"https:\/\/www.afslietuva.org\/lv\/#website\"},\"primaryImageOfPage\":{\"@id\":\"https:\/\/www.afslietuva.org\/lv\/index\/#primaryimage\"},\"image\":{\"@id\":\"https:\/\/www.afslietuva.org\/lv\/index\/#primaryimage\"},\"thumbnailUrl\":\"https:\/\/d22dvihj4pfop3.cloudfront.net\/wp-content\/uploads\/sites\/72\/2019\/04\/10135636\/Screen-Shot-2018-05-31-at-17.02.51-.png\",\"datePublished\":\"2019-04-10T11:00:49+00:00\",\"dateModified\":\"2020-11-02T12:23:32+00:00\",\"breadcrumb\":{\"@id\":\"https:\/\/www.afslietuva.org\/lv\/index\/#breadcrumb\"},\"inLanguage\":\"lv-LV\",\"potentialAction\":[{\"@type\":\"ReadAction\",\"target\":[\"https:\/\/www.afslietuva.org\/lv\/index\/\"]}]},{\"@type\":\"ImageObject\",\"inLanguage\":\"lv-LV\",\"@id\":\"https:\/\/www.afslietuva.org\/lv\/index\/#primaryimage\",\"url\":\"https:\/\/d22dvihj4pfop3.cloudfront.net\/wp-content\/uploads\/sites\/72\/2019\/04\/10135636\/Screen-Shot-2018-05-31-at-17.02.51-.png\",\"contentUrl\":\"https:\/\/d22dvihj4pfop3.cloudfront.net\/wp-content\/uploads\/sites\/72\/2019\/04\/10135636\/Screen-Shot-2018-05-31-at-17.02.51-.png\",\"width\":1508,\"height\":1132},{\"@type\":\"BreadcrumbList\",\"@id\":\"https:\/\/www.afslietuva.org\/lv\/index\/#breadcrumb\",\"itemListElement\":[{\"@type\":\"ListItem\",\"position\":1,\"name\":\"Home\",\"item\":\"https:\/\/lithuania.afssite.afs.org\/lv\/\"},{\"@type\":\"ListItem\",\"position\":2,\"name\":\"AFS glob\u0101l\u0101s izgl\u012bt\u012bbas gatav\u012bbas indekss skol\u0101m\"}]},{\"@type\":\"WebSite\",\"@id\":\"https:\/\/www.afslietuva.org\/lv\/#website\",\"url\":\"https:\/\/www.afslietuva.org\/lv\/\",\"name\":\"lithuania\",\"description\":\"Just another AFS International Platform Sites site\",\"potentialAction\":[{\"@type\":\"SearchAction\",\"target\":{\"@type\":\"EntryPoint\",\"urlTemplate\":\"https:\/\/www.afslietuva.org\/lv\/?s={search_term_string}\"},\"query-input\":{\"@type\":\"PropertyValueSpecification\",\"valueRequired\":true,\"valueName\":\"search_term_string\"}}],\"inLanguage\":\"lv-LV\"}]}<\/script>\n<!-- \/ Yoast SEO plugin. -->","yoast_head_json":{"title":"AFS glob\u0101l\u0101s izgl\u012bt\u012bbas gatav\u012bbas indekss skol\u0101m - lithuania","robots":{"index":"index","follow":"follow","max-snippet":"max-snippet:-1","max-image-preview":"max-image-preview:large","max-video-preview":"max-video-preview:-1"},"canonical":"https:\/\/www.afslietuva.org\/lv\/index\/","og_locale":"lv_LV","og_type":"article","og_title":"AFS glob\u0101l\u0101s izgl\u012bt\u012bbas gatav\u012bbas indekss skol\u0101m - lithuania","og_description":"https:\/\/vimeo.com\/269690138\/d5e87790f1 Pievienojies un padari savu skolu glob\u0101li kompetentu! Glob\u0101l\u0101s kompetences att\u012bst\u012b\u0161ana skol\u0113niem pal\u012bdz spert pirmos so\u013cus, lai k\u013c\u016btu par pasaules&hellip;","og_url":"https:\/\/www.afslietuva.org\/lv\/index\/","og_site_name":"lithuania","article_modified_time":"2020-11-02T12:23:32+00:00","og_image":[{"width":1200,"height":630,"url":"https:\/\/d22dvihj4pfop3.cloudfront.net\/wp-content\/uploads\/sites\/72\/2019\/04\/10135636\/Screen-Shot-2018-05-31-at-17.02.51--1200x630.png","type":"image\/png"}],"twitter_card":"summary_large_image","twitter_misc":{"Est. reading time":"1 minute"},"schema":{"@context":"https:\/\/schema.org","@graph":[{"@type":"WebPage","@id":"https:\/\/www.afslietuva.org\/lv\/index\/","url":"https:\/\/www.afslietuva.org\/lv\/index\/","name":"AFS glob\u0101l\u0101s izgl\u012bt\u012bbas gatav\u012bbas indekss skol\u0101m - lithuania","isPartOf":{"@id":"https:\/\/www.afslietuva.org\/lv\/#website"},"primaryImageOfPage":{"@id":"https:\/\/www.afslietuva.org\/lv\/index\/#primaryimage"},"image":{"@id":"https:\/\/www.afslietuva.org\/lv\/index\/#primaryimage"},"thumbnailUrl":"https:\/\/d22dvihj4pfop3.cloudfront.net\/wp-content\/uploads\/sites\/72\/2019\/04\/10135636\/Screen-Shot-2018-05-31-at-17.02.51-.png","datePublished":"2019-04-10T11:00:49+00:00","dateModified":"2020-11-02T12:23:32+00:00","breadcrumb":{"@id":"https:\/\/www.afslietuva.org\/lv\/index\/#breadcrumb"},"inLanguage":"lv-LV","potentialAction":[{"@type":"ReadAction","target":["https:\/\/www.afslietuva.org\/lv\/index\/"]}]},{"@type":"ImageObject","inLanguage":"lv-LV","@id":"https:\/\/www.afslietuva.org\/lv\/index\/#primaryimage","url":"https:\/\/d22dvihj4pfop3.cloudfront.net\/wp-content\/uploads\/sites\/72\/2019\/04\/10135636\/Screen-Shot-2018-05-31-at-17.02.51-.png","contentUrl":"https:\/\/d22dvihj4pfop3.cloudfront.net\/wp-content\/uploads\/sites\/72\/2019\/04\/10135636\/Screen-Shot-2018-05-31-at-17.02.51-.png","width":1508,"height":1132},{"@type":"BreadcrumbList","@id":"https:\/\/www.afslietuva.org\/lv\/index\/#breadcrumb","itemListElement":[{"@type":"ListItem","position":1,"name":"Home","item":"https:\/\/lithuania.afssite.afs.org\/lv\/"},{"@type":"ListItem","position":2,"name":"AFS glob\u0101l\u0101s izgl\u012bt\u012bbas gatav\u012bbas indekss skol\u0101m"}]},{"@type":"WebSite","@id":"https:\/\/www.afslietuva.org\/lv\/#website","url":"https:\/\/www.afslietuva.org\/lv\/","name":"lithuania","description":"Just another AFS International Platform Sites site","potentialAction":[{"@type":"SearchAction","target":{"@type":"EntryPoint","urlTemplate":"https:\/\/www.afslietuva.org\/lv\/?s={search_term_string}"},"query-input":{"@type":"PropertyValueSpecification","valueRequired":true,"valueName":"search_term_string"}}],"inLanguage":"lv-LV"}]}},"_links":{"self":[{"href":"https:\/\/www.afslietuva.org\/lv\/wp-json\/wp\/v2\/pages\/7522","targetHints":{"allow":["GET"]}}],"collection":[{"href":"https:\/\/www.afslietuva.org\/lv\/wp-json\/wp\/v2\/pages"}],"about":[{"href":"https:\/\/www.afslietuva.org\/lv\/wp-json\/wp\/v2\/types\/page"}],"author":[{"embeddable":true,"href":"https:\/\/www.afslietuva.org\/lv\/wp-json\/wp\/v2\/users\/83"}],"replies":[{"embeddable":true,"href":"https:\/\/www.afslietuva.org\/lv\/wp-json\/wp\/v2\/comments?post=7522"}],"version-history":[{"count":31,"href":"https:\/\/www.afslietuva.org\/lv\/wp-json\/wp\/v2\/pages\/7522\/revisions"}],"predecessor-version":[{"id":14379,"href":"https:\/\/www.afslietuva.org\/lv\/wp-json\/wp\/v2\/pages\/7522\/revisions\/14379"}],"wp:featuredmedia":[{"embeddable":true,"href":"https:\/\/www.afslietuva.org\/lv\/wp-json\/wp\/v2\/media\/7524"}],"wp:attachment":[{"href":"https:\/\/www.afslietuva.org\/lv\/wp-json\/wp\/v2\/media?parent=7522"}],"curies":[{"name":"wp","href":"https:\/\/api.w.org\/{rel}","templated":true}]}}